{"id":6,"date":"2025-07-29T18:18:38","date_gmt":"2025-07-29T18:18:38","guid":{"rendered":"https:\/\/grupocarger.com\/?page_id=6"},"modified":"2025-07-29T18:41:24","modified_gmt":"2025-07-29T18:41:24","slug":"grupo-carger-eirl","status":"publish","type":"page","link":"https:\/\/grupocarger.com\/","title":{"rendered":"GRUPO CARGER EIRL"},"content":{"rendered":"\n<p>OPERADOR LOGISTICO<\/p>\n\n\n\n<div class=\"wp-block-cover alignfull is-light has-custom-content-position is-position-bottom-left\" style=\"margin-top:0;margin-bottom:0;padding-top:var(--wp--preset--spacing--50);padding-right:var(--wp--preset--spacing--50);padding-bottom:var(--wp--preset--spacing--50);padding-left:var(--wp--preset--spacing--50);min-height:840px;aspect-ratio:unset;\"><img loading=\"lazy\" decoding=\"async\" width=\"1024\" height=\"751\" class=\"wp-block-cover__image-background wp-image-8 size-large\" alt=\"\" src=\"https:\/\/grupocarger.com\/wp-content\/uploads\/2025\/07\/WhatsApp-Image-2025-02-24-at-11.24.24-1024x751.jpeg\" data-object-fit=\"cover\" srcset=\"https:\/\/grupocarger.com\/wp-content\/uploads\/2025\/07\/WhatsApp-Image-2025-02-24-at-11.24.24-1024x751.jpeg 1024w, https:\/\/grupocarger.com\/wp-content\/uploads\/2025\/07\/WhatsApp-Image-2025-02-24-at-11.24.24-300x220.jpeg 300w, https:\/\/grupocarger.com\/wp-content\/uploads\/2025\/07\/WhatsApp-Image-2025-02-24-at-11.24.24-768x563.jpeg 768w, https:\/\/grupocarger.com\/wp-content\/uploads\/2025\/07\/WhatsApp-Image-2025-02-24-at-11.24.24.jpeg 1200w\" sizes=\"auto, (max-width: 1024px) 100vw, 1024px\" \/><span aria-hidden=\"true\" class=\"wp-block-cover__background has-background-dim-10 has-background-dim\"><\/span><div class=\"wp-block-cover__inner-container has-global-padding is-layout-constrained wp-container-core-cover-is-layout-d89aad35 wp-block-cover-is-layout-constrained\">\n<div class=\"wp-block-group alignwide has-global-padding is-content-justification-left is-layout-constrained wp-container-core-group-is-layout-12dd3699 wp-block-group-is-layout-constrained\">\n<h2 class=\"wp-block-heading has-text-align-left has-base-color has-text-color has-link-color has-xx-large-font-size wp-elements-f7276de9256139ef05e80f86f2e1858e\">\u00bfQuienes somos ?<\/h2>\n\n\n\n<p class=\"has-text-align-left is-style-text-annotation has-base-color has-text-color has-link-color wp-elements-20a5099d96918d1bb2f3c640b9e7e2f4 is-style-text-annotation--1\">Somo<strong>s una empresa l\u00edder en transporte y distribuci\u00f3n con m\u00e1s de 7 a\u00f1os de experiencia ofreciendo servicios a diferentes empresas a nivel nacional, estamos comprometidos con la entrega de servicios con los m\u00e1s altos est\u00e1ndares de calidad y enfocados en la mejora continua de nuestros procesos, a cargo de personal debidamente calificado, con innovaci\u00f3n y tecnolog\u00eda.<\/strong><\/p>\n\n\n\n<div class=\"wp-block-buttons is-layout-flex wp-block-buttons-is-layout-flex\">\n<div class=\"wp-block-button\"><a class=\"wp-block-button__link wp-element-button\">Learn more<\/a><\/div>\n<\/div>\n<\/div>\n<\/div><\/div>\n\n\n\n<div class=\"wp-block-group alignfull is-style-section-5 has-global-padding is-layout-constrained wp-block-group-is-layout-constrained is-style-section-5--2\" style=\"margin-top:0;margin-bottom:0;padding-top:var(--wp--preset--spacing--50);padding-bottom:var(--wp--preset--spacing--50)\">\n<div class=\"wp-block-columns alignwide is-layout-flex wp-container-core-columns-is-layout-7ee84d44 wp-block-columns-is-layout-flex\">\n<div class=\"wp-block-column is-vertically-aligned-center is-layout-flow wp-block-column-is-layout-flow\" style=\"flex-basis:50%\">\n<p><strong>MISION<\/strong><\/p>\n\n\n\n<div class=\"wp-block-group is-nowrap is-layout-flex wp-container-core-group-is-layout-6c531013 wp-block-group-is-layout-flex\">\n<figure class=\"wp-block-image size-full is-resized\"><img loading=\"lazy\" decoding=\"async\" width=\"164\" height=\"158\" src=\"https:\/\/grupocarger.com\/wp-content\/uploads\/2025\/07\/image.png\" alt=\"\" class=\"wp-image-11\" style=\"width:95px;height:auto\"\/><\/figure>\n\n\n\n<p>Desarrollo continuo del conocimiento, optimizando la cadena de abastecimiento de los clientes.<\/p>\n<\/div>\n\n\n\n<p><strong>VISION<\/strong><\/p>\n\n\n\n<div class=\"wp-block-group is-nowrap is-layout-flex wp-container-core-group-is-layout-6c531013 wp-block-group-is-layout-flex\">\n<figure class=\"wp-block-image size-full is-resized\"><img loading=\"lazy\" decoding=\"async\" width=\"132\" height=\"133\" src=\"https:\/\/grupocarger.com\/wp-content\/uploads\/2025\/07\/image-1.png\" alt=\"\" class=\"wp-image-12\" style=\"width:66px;height:auto\"\/><\/figure>\n\n\n\n<p>Ser una empresa l\u00edder en transporte y distribuci\u00f3n, modelo de excelencia sincronizando cadenas de abastecimiento.<\/p>\n<\/div>\n\n\n\n<p><\/p>\n<\/div>\n\n\n\n<div class=\"wp-block-column is-vertically-aligned-center is-layout-flow wp-block-column-is-layout-flow\" style=\"flex-basis:50%\">\n<figure class=\"wp-block-image size-full\"><img loading=\"lazy\" decoding=\"async\" width=\"1600\" height=\"1200\" src=\"https:\/\/grupocarger.com\/wp-content\/uploads\/2025\/07\/brjleo.jpg\" alt=\"\" class=\"wp-image-9\" style=\"aspect-ratio:1;object-fit:cover\" srcset=\"https:\/\/grupocarger.com\/wp-content\/uploads\/2025\/07\/brjleo.jpg 1600w, https:\/\/grupocarger.com\/wp-content\/uploads\/2025\/07\/brjleo-300x225.jpg 300w, https:\/\/grupocarger.com\/wp-content\/uploads\/2025\/07\/brjleo-1024x768.jpg 1024w, https:\/\/grupocarger.com\/wp-content\/uploads\/2025\/07\/brjleo-768x576.jpg 768w, https:\/\/grupocarger.com\/wp-content\/uploads\/2025\/07\/brjleo-1536x1152.jpg 1536w\" sizes=\"auto, (max-width: 1600px) 100vw, 1600px\" \/><\/figure>\n<\/div>\n<\/div>\n<\/div>\n\n\n\n<div class=\"wp-block-group alignfull has-global-padding is-layout-constrained wp-block-group-is-layout-constrained\" style=\"margin-top:0;margin-bottom:0\">\n<div class=\"wp-block-group alignwide is-layout-grid wp-container-core-group-is-layout-5fdb10e5 wp-block-group-is-layout-grid\" style=\"padding-top:var(--wp--preset--spacing--50);padding-bottom:var(--wp--preset--spacing--50)\">\n<div class=\"wp-block-group is-vertical is-content-justification-stretch is-nowrap is-layout-flex wp-container-core-group-is-layout-627337ab wp-block-group-is-layout-flex\">\n<h2 class=\"wp-block-heading is-style-text-annotation is-style-text-annotation--3\">SOMOS<\/h2>\n\n\n\n<p><strong>TRANSPORTE LIVIANO<\/strong><\/p>\n\n\n\n<p class=\"is-style-text-subtitle is-style-text-subtitle--4\">Env\u00edo a todo el territorio con excelentes tiempos dependiendo de las caracter\u00edsticas de la carga, urgencia de entrega, siempre reportando en ruta.<\/p>\n\n\n\n<p>SERVICIO DE PAQUETERIA <\/p>\n\n\n\n<figure class=\"wp-block-image size-full is-resized\"><img loading=\"lazy\" decoding=\"async\" width=\"288\" height=\"218\" src=\"https:\/\/grupocarger.com\/wp-content\/uploads\/2025\/07\/image-2.png\" alt=\"\" class=\"wp-image-13\" style=\"width:235px;height:auto\"\/><\/figure>\n<\/div>\n\n\n\n<figure class=\"wp-block-image size-full wp-container-content-5fd69529\"><img loading=\"lazy\" decoding=\"async\" width=\"1928\" height=\"2560\" src=\"https:\/\/grupocarger.com\/wp-content\/uploads\/2025\/07\/bhhoe-scaled.jpg\" alt=\"\" class=\"wp-image-10\" style=\"aspect-ratio:3\/4;object-fit:cover\" srcset=\"https:\/\/grupocarger.com\/wp-content\/uploads\/2025\/07\/bhhoe-scaled.jpg 1928w, https:\/\/grupocarger.com\/wp-content\/uploads\/2025\/07\/bhhoe-226x300.jpg 226w, https:\/\/grupocarger.com\/wp-content\/uploads\/2025\/07\/bhhoe-771x1024.jpg 771w, https:\/\/grupocarger.com\/wp-content\/uploads\/2025\/07\/bhhoe-768x1020.jpg 768w, https:\/\/grupocarger.com\/wp-content\/uploads\/2025\/07\/bhhoe-1157x1536.jpg 1157w, https:\/\/grupocarger.com\/wp-content\/uploads\/2025\/07\/bhhoe-1542x2048.jpg 1542w\" sizes=\"auto, (max-width: 1928px) 100vw, 1928px\" \/><\/figure>\n\n\n\n<p class=\"wp-container-content-5fd69529\"><strong>SERVICIO DE DELIVERY<\/strong><\/p>\n<\/div>\n<\/div>\n\n\n\n<div class=\"wp-block-group alignfull has-global-padding is-layout-constrained wp-block-group-is-layout-constrained\" style=\"margin-top:0;margin-bottom:0\">\n<div class=\"wp-block-group is-nowrap is-layout-flex wp-container-core-group-is-layout-6c531013 wp-block-group-is-layout-flex\">\n<figure class=\"wp-block-image size-full is-resized\"><img loading=\"lazy\" decoding=\"async\" width=\"211\" height=\"140\" src=\"https:\/\/grupocarger.com\/wp-content\/uploads\/2025\/07\/image-3.png\" alt=\"\" class=\"wp-image-16\" style=\"width:145px;height:auto\"\/><\/figure>\n\n\n\n<p>Reparto a domicilio de productos con personal calificado, el cual utilizamos la tecnolog\u00eda para evidenciar nuestro servicio<\/p>\n<\/div>\n<\/div>\n\n\n\n<p><strong>EQUIPO DE TRABAJO<\/strong><\/p>\n\n\n\n<div class=\"wp-block-group is-nowrap is-layout-flex wp-container-core-group-is-layout-6c531013 wp-block-group-is-layout-flex\">\n<figure class=\"wp-block-image size-full is-resized\"><img loading=\"lazy\" decoding=\"async\" width=\"191\" height=\"230\" src=\"https:\/\/grupocarger.com\/wp-content\/uploads\/2025\/07\/image-4.png\" alt=\"\" class=\"wp-image-17\" style=\"width:187px;height:auto\"\/><\/figure>\n\n\n\n<p>Nuestros colaboradores cuentan con experiencia suficiente, donde cada uno aporta sus conocimientos actualizados, para brindar servicios y soluciones de acuerdo a las experiencias del transporte en base a los siguientes principios:<\/p>\n<\/div>\n\n\n\n<ul class=\"wp-block-list\">\n<li>Atenci\u00f3n personalizada<\/li>\n\n\n\n<li>Diferenciaci\u00f3n<\/li>\n\n\n\n<li>Satisfacci\u00f3n total del cliente<\/li>\n\n\n\n<li>Staff de primer nivel<\/li>\n<\/ul>\n\n\n\n<p>CONFIAN EN NOSOTROS<strong> <\/strong><\/p>\n\n\n\n<p>Para ser competitivos\u00a0 \u00a0<\/p>\n\n\n\n<figure class=\"wp-block-image size-large\"><img loading=\"lazy\" decoding=\"async\" width=\"1024\" height=\"131\" src=\"https:\/\/grupocarger.com\/wp-content\/uploads\/2025\/07\/image-5-1024x131.png\" alt=\"\" class=\"wp-image-18\" srcset=\"https:\/\/grupocarger.com\/wp-content\/uploads\/2025\/07\/image-5-1024x131.png 1024w, https:\/\/grupocarger.com\/wp-content\/uploads\/2025\/07\/image-5-300x39.png 300w, https:\/\/grupocarger.com\/wp-content\/uploads\/2025\/07\/image-5-768x99.png 768w, https:\/\/grupocarger.com\/wp-content\/uploads\/2025\/07\/image-5.png 1114w\" sizes=\"auto, (max-width: 1024px) 100vw, 1024px\" \/><\/figure>\n\n\n\n<p><strong>POR QU\u00c9 ELEGIRNOS<\/strong><\/p>\n\n\n\n<p><strong>Cobertura a nivel nacional<\/strong><\/p>\n\n\n\n<p>Garantizamos a nuestros clientes, soluciones personalizadas \u00a0\u00a0\u00a0\u00a0\u00a0\u00a0\u00a0\u00a0\u00a0\u00a0\u00a0\u00a0\u00a0\u00a0\u00a0\u00a0\u00a0\u00a0\u00a0con m\u00e1xima calidad y eficiencia.<\/p>\n\n\n\n<figure class=\"wp-block-image size-full is-resized\"><img loading=\"lazy\" decoding=\"async\" width=\"524\" height=\"267\" src=\"https:\/\/grupocarger.com\/wp-content\/uploads\/2025\/07\/FIRMA-1.png\" alt=\"\" class=\"wp-image-19\" style=\"width:645px;height:auto\" srcset=\"https:\/\/grupocarger.com\/wp-content\/uploads\/2025\/07\/FIRMA-1.png 524w, https:\/\/grupocarger.com\/wp-content\/uploads\/2025\/07\/FIRMA-1-300x153.png 300w\" sizes=\"auto, (max-width: 524px) 100vw, 524px\" \/><\/figure>\n\n\n\n<p><\/p>\n","protected":false},"excerpt":{"rendered":"<p>OPERADOR LOGISTICO MISION Desarrollo continuo del conocimiento, optimizando la cadena de abastecimiento de los clientes. VISION Ser una empresa l\u00edder en transporte y distribuci\u00f3n, modelo de excelencia sincronizando cadenas de abastecimiento. SOMOS TRANSPORTE LIVIANO Env\u00edo a todo el territorio con excelentes tiempos dependiendo de las caracter\u00edsticas de la carga, urgencia de entrega, siempre reportando en [&hellip;]<\/p>\n","protected":false},"author":1,"featured_media":0,"parent":0,"menu_order":0,"comment_status":"closed","ping_status":"closed","template":"","meta":{"footnotes":""},"class_list":["post-6","page","type-page","status-publish","hentry"],"_links":{"self":[{"href":"https:\/\/grupocarger.com\/index.php\/wp-json\/wp\/v2\/pages\/6","targetHints":{"allow":["GET"]}}],"collection":[{"href":"https:\/\/grupocarger.com\/index.php\/wp-json\/wp\/v2\/pages"}],"about":[{"href":"https:\/\/grupocarger.com\/index.php\/wp-json\/wp\/v2\/types\/page"}],"author":[{"embeddable":true,"href":"https:\/\/grupocarger.com\/index.php\/wp-json\/wp\/v2\/users\/1"}],"replies":[{"embeddable":true,"href":"https:\/\/grupocarger.com\/index.php\/wp-json\/wp\/v2\/comments?post=6"}],"version-history":[{"count":2,"href":"https:\/\/grupocarger.com\/index.php\/wp-json\/wp\/v2\/pages\/6\/revisions"}],"predecessor-version":[{"id":25,"href":"https:\/\/grupocarger.com\/index.php\/wp-json\/wp\/v2\/pages\/6\/revisions\/25"}],"wp:attachment":[{"href":"https:\/\/grupocarger.com\/index.php\/wp-json\/wp\/v2\/media?parent=6"}],"curies":[{"name":"wp","href":"https:\/\/api.w.org\/{rel}","templated":true}]}}